{"id":33,"date":"2025-04-15T09:30:30","date_gmt":"2025-04-15T09:30:30","guid":{"rendered":"https:\/\/formationosteopro.fr\/?page_id=33"},"modified":"2025-09-11T10:49:55","modified_gmt":"2025-09-11T10:49:55","slug":"creons-lextraordinaire","status":"publish","type":"page","link":"https:\/\/formationosteopro.fr\/","title":{"rendered":"Cr\u00e9ons l&rsquo;extraordinaire"},"content":{"rendered":"\t\t<div data-elementor-type=\"wp-post\" data-elementor-id=\"33\" class=\"elementor elementor-33\">\n\t\t\t\t<div class=\"elementor-element elementor-element-a432de4 e-flex e-con-boxed e-con e-parent\" data-id=\"a432de4\" data-element_type=\"container\">\n\t\t\t\t\t<div class=\"e-con-inner\">\n\t\t\t\t<div class=\"elementor-element elementor-element-6de6d27 elementor-widget elementor-widget-heading\" data-id=\"6de6d27\" data-element_type=\"widget\" data-settings=\"{&quot;_animation&quot;:&quot;none&quot;}\" data-widget_type=\"heading.default\">\n\t\t\t\t<div class=\"elementor-widget-container\">\n\t\t\t\t\t<h2 class=\"elementor-heading-title elementor-size-default\">Un atelier de cr\u00e9ation et de fabrication sp\u00e9cialiste du papier d\u00e9coup\u00e9, pli\u00e9, coll\u00e9.<\/h2>\t\t\t\t<\/div>\n\t\t\t\t<\/div>\n\t\t\t\t\t<\/div>\n\t\t\t\t<\/div>\n\t\t<div class=\"elementor-element elementor-element-c953f24 e-flex e-con-boxed e-con e-parent\" data-id=\"c953f24\" data-element_type=\"container\">\n\t\t\t\t\t<div class=\"e-con-inner\">\n\t\t<div class=\"elementor-element elementor-element-1b53489 e-con-full e-flex e-con e-child\" data-id=\"1b53489\" data-element_type=\"container\">\n\t\t\t\t<div class=\"elementor-element elementor-element-c229733 elementor-widget elementor-widget-text-editor\" data-id=\"c229733\" data-element_type=\"widget\" data-widget_type=\"text-editor.default\">\n\t\t\t\t<div class=\"elementor-widget-container\">\n\t\t\t\t\t\t\t\t\t<p data-start=\"104\" data-end=\"178\"><strong data-start=\"104\" data-end=\"176\">MH-EDITIONS \u2013 L\u2019atelier de d\u00e9coupe laser qui donne forme \u00e0 vos id\u00e9es<\/strong><\/p><p data-start=\"180\" data-end=\"556\">MH-EDITIONS est un atelier sp\u00e9cialis\u00e9 dans la d\u00e9coupe et la gravure laser, d\u00e9di\u00e9 \u00e0 la cr\u00e9ation sur mesure et \u00e0 la mise en valeur de tous vos projets. Gr\u00e2ce \u00e0 une technologie de pointe et un savoir-faire artisanal, nous r\u00e9alisons des projets sur-mesure et premium.<\/p><p data-start=\"558\" data-end=\"827\">Vous souhaitez d\u00e9velopper des supports de communication originaux ou donner vie \u00e0 ses prototypes, MH-EDITIONS vous accompagne de la conception \u00e0 la r\u00e9alisation.<\/p><p data-start=\"829\" data-end=\"849\">Notre engagement :<\/p><ul data-start=\"850\" data-end=\"1309\"><li data-start=\"850\" data-end=\"939\"><p data-start=\"852\" data-end=\"939\"><strong data-start=\"852\" data-end=\"866\">Cr\u00e9ativit\u00e9<\/strong> \u2013 transformer vos id\u00e9es en pi\u00e8ces sur mesure, innovantes et raffin\u00e9es.<\/p><\/li><li data-start=\"940\" data-end=\"1038\"><p data-start=\"942\" data-end=\"1038\"><strong data-start=\"942\" data-end=\"955\">Pr\u00e9cision<\/strong> \u2013 une d\u00e9coupe nette et un rendu impeccable, jusque dans les plus petits d\u00e9tails.<\/p><\/li><li data-start=\"1039\" data-end=\"1200\"><p data-start=\"1041\" data-end=\"1200\"><strong data-start=\"1041\" data-end=\"1056\">Polyvalence<\/strong> \u2013 un service adapt\u00e9 \u00e0 tous les besoins : signal\u00e9tique, d\u00e9coration, packaging, \u00e9v\u00e9nements, cadeaux d\u2019entreprise, prototypes et pi\u00e8ces uniques.<\/p><\/li><li data-start=\"1201\" data-end=\"1309\"><p data-start=\"1203\" data-end=\"1309\"><strong data-start=\"1203\" data-end=\"1221\">Accompagnement<\/strong> \u2013 \u00e9coute, conseils et flexibilit\u00e9 pour donner vie \u00e0 des projets qui vous ressemblent.<\/p><\/li><\/ul><p data-start=\"1311\" data-end=\"1426\">Chez MH-EDITIONS, nous allions technologie et sens artistique pour faire de chaque projet une v\u00e9ritable cr\u00e9ation.<\/p>\t\t\t\t\t\t\t\t<\/div>\n\t\t\t\t<\/div>\n\t\t\t\t<\/div>\n\t\t<div class=\"elementor-element elementor-element-eb6aade e-con-full e-flex e-con e-child\" data-id=\"eb6aade\" data-element_type=\"container\">\n\t\t<div class=\"elementor-element elementor-element-9e17111 e-con-full e-flex e-con e-child\" data-id=\"9e17111\" data-element_type=\"container\">\n\t\t\t\t<div class=\"elementor-element elementor-element-dad2174 elementor-widget elementor-widget-image\" data-id=\"dad2174\" data-element_type=\"widget\" data-widget_type=\"image.default\">\n\t\t\t\t<div class=\"elementor-widget-container\">\n\t\t\t\t\t\t\t\t\t\t\t\t\t\t\t<img decoding=\"async\" src=\"https:\/\/formationosteopro.fr\/wp-content\/plugins\/elementor\/assets\/images\/placeholder.png\" title=\"\" alt=\"\" loading=\"lazy\" \/>\t\t\t\t\t\t\t\t\t\t\t\t\t\t\t<\/div>\n\t\t\t\t<\/div>\n\t\t\t\t<\/div>\n\t\t<div class=\"elementor-element elementor-element-b38a55b e-con-full e-flex e-con e-child\" data-id=\"b38a55b\" data-element_type=\"container\">\n\t\t\t\t<div class=\"elementor-element elementor-element-5d07cd9 elementor-widget elementor-widget-image\" data-id=\"5d07cd9\" data-element_type=\"widget\" data-widget_type=\"image.default\">\n\t\t\t\t<div class=\"elementor-widget-container\">\n\t\t\t\t\t\t\t\t\t\t\t\t\t\t\t<img decoding=\"async\" src=\"https:\/\/formationosteopro.fr\/wp-content\/plugins\/elementor\/assets\/images\/placeholder.png\" title=\"\" alt=\"\" loading=\"lazy\" \/>\t\t\t\t\t\t\t\t\t\t\t\t\t\t\t<\/div>\n\t\t\t\t<\/div>\n\t\t\t\t<\/div>\n\t\t\t\t<\/div>\n\t\t\t\t\t<\/div>\n\t\t\t\t<\/div>\n\t\t<div class=\"elementor-element elementor-element-fad9706 e-flex e-con-boxed e-con e-parent\" data-id=\"fad9706\" data-element_type=\"container\">\n\t\t\t\t\t<div class=\"e-con-inner\">\n\t\t\t\t\t<\/div>\n\t\t\t\t<\/div>\n\t\t\t\t<\/div>\n\t\t","protected":false},"excerpt":{"rendered":"<p>Un atelier de cr\u00e9ation et de fabrication sp\u00e9cialiste du papier d\u00e9coup\u00e9, pli\u00e9, coll\u00e9. MH-EDITIONS \u2013 L\u2019atelier de d\u00e9coupe laser qui donne forme \u00e0 vos id\u00e9es &hellip;<\/p>\n","protected":false},"author":1,"featured_media":0,"parent":0,"menu_order":0,"comment_status":"closed","ping_status":"closed","template":"","meta":{"footnotes":""},"class_list":["post-33","page","type-page","status-publish","hentry"],"jetpack_sharing_enabled":true,"_links":{"self":[{"href":"https:\/\/formationosteopro.fr\/index.php\/wp-json\/wp\/v2\/pages\/33","targetHints":{"allow":["GET"]}}],"collection":[{"href":"https:\/\/formationosteopro.fr\/index.php\/wp-json\/wp\/v2\/pages"}],"about":[{"href":"https:\/\/formationosteopro.fr\/index.php\/wp-json\/wp\/v2\/types\/page"}],"author":[{"embeddable":true,"href":"https:\/\/formationosteopro.fr\/index.php\/wp-json\/wp\/v2\/users\/1"}],"replies":[{"embeddable":true,"href":"https:\/\/formationosteopro.fr\/index.php\/wp-json\/wp\/v2\/comments?post=33"}],"version-history":[{"count":22,"href":"https:\/\/formationosteopro.fr\/index.php\/wp-json\/wp\/v2\/pages\/33\/revisions"}],"predecessor-version":[{"id":63,"href":"https:\/\/formationosteopro.fr\/index.php\/wp-json\/wp\/v2\/pages\/33\/revisions\/63"}],"wp:attachment":[{"href":"https:\/\/formationosteopro.fr\/index.php\/wp-json\/wp\/v2\/media?parent=33"}],"curies":[{"name":"wp","href":"https:\/\/api.w.org\/{rel}","templated":true}]}}